{"id":2785,"date":"2020-01-27T13:25:00","date_gmt":"2020-01-27T13:25:00","guid":{"rendered":"https:\/\/immomallorca.es\/informacion-de-cookies\/"},"modified":"2024-02-04T11:45:35","modified_gmt":"2024-02-04T11:45:35","slug":"informacion-de-cookies","status":"publish","type":"page","link":"https:\/\/www.immomallorca.es\/es\/informacion-de-cookies\/","title":{"rendered":"Informaci\u00f3n de cookies"},"content":{"rendered":"\t\t<div data-elementor-type=\"wp-page\" data-elementor-id=\"2785\" class=\"elementor elementor-2785 elementor-247\" data-elementor-post-type=\"page\">\n\t\t\t\t\t\t<section class=\"elementor-section elementor-top-section elementor-element elementor-element-042f4a2 elementor-section-boxed elementor-section-height-default elementor-section-height-default\" data-id=\"042f4a2\" data-element_type=\"section\" data-e-type=\"section\">\n\t\t\t\t\t\t<div class=\"elementor-container elementor-column-gap-default\">\n\t\t\t\t\t<div class=\"elementor-column elementor-col-100 elementor-top-column elementor-element elementor-element-8f1cd91\" data-id=\"8f1cd91\" data-element_type=\"column\" data-e-type=\"column\">\n\t\t\t<div class=\"elementor-widget-wrap elementor-element-populated\">\n\t\t\t\t\t\t<div class=\"elementor-element elementor-element-bd10328 elementor-widget elementor-widget-heading\" data-id=\"bd10328\" data-element_type=\"widget\" data-e-type=\"widget\" data-widget_type=\"heading.default\">\n\t\t\t\t<div class=\"elementor-widget-container\">\n\t\t\t\t\t<h2 class=\"elementor-heading-title elementor-size-default\">Sobre esta pol\u00edtica de cookies<\/h2>\t\t\t\t<\/div>\n\t\t\t\t<\/div>\n\t\t\t\t<div class=\"elementor-element elementor-element-20024d2 elementor-widget elementor-widget-text-editor\" data-id=\"20024d2\" data-element_type=\"widget\" data-e-type=\"widget\" data-widget_type=\"text-editor.default\">\n\t\t\t\t<div class=\"elementor-widget-container\">\n\t\t\t\t\t\t\t\t\t<p><span title=\"\">Esta pol\u00edtica de cookies explica qu\u00e9 son las cookies y c\u00f3mo las usamos.<\/span> <span title=\"\">Debe leer esta pol\u00edtica para comprender qu\u00e9 son las cookies, c\u00f3mo las utilizamos, qu\u00e9 tipos de cookies utilizamos, qu\u00e9 informaci\u00f3n recopilamos con las cookies y c\u00f3mo se utiliza esta informaci\u00f3n y c\u00f3mo se controla la configuraci\u00f3n de las cookies.<\/span> <span title=\"\">Para obtener m\u00e1s informaci\u00f3n sobre c\u00f3mo usamos, almacenamos y protegemos su informaci\u00f3n personal, consulte nuestra pol\u00edtica de privacidad.<\/span><\/p>\n<p><span title=\"\">Puede cambiar o retirar su consentimiento para la declaraci\u00f3n de cookies en nuestro sitio web en cualquier momento.<\/span><\/p>\n<p><span title=\"\">Descubra qui\u00e9nes somos, c\u00f3mo puede contactarnos y c\u00f3mo procesamos los datos personales en nuestras normas de protecci\u00f3n de datos.<\/span><\/p>\n<p><span title=\"\">Su consentimiento se aplica a los siguientes dominios: immomallorca.es<\/span><\/p>\n\t\t\t\t\t\t\t\t<\/div>\n\t\t\t\t<\/div>\n\t\t\t\t\t<\/div>\n\t\t<\/div>\n\t\t\t\t\t<\/div>\n\t\t<\/section>\n\t\t\t\t<\/div>\n\t\t","protected":false},"excerpt":{"rendered":"<p>Sobre esta pol\u00edtica de cookies Esta pol\u00edtica de cookies explica qu\u00e9 son las cookies y c\u00f3mo las usamos. Debe leer esta pol\u00edtica para comprender qu\u00e9 son las cookies, c\u00f3mo las utilizamos, qu\u00e9 tipos de cookies utilizamos, qu\u00e9 informaci\u00f3n recopilamos con las cookies y c\u00f3mo se utiliza esta informaci\u00f3n y c\u00f3mo se controla la configuraci\u00f3n de [&hellip;]<\/p>\n","protected":false},"author":2,"featured_media":0,"parent":0,"menu_order":4,"comment_status":"closed","ping_status":"closed","template":"elementor_header_footer","meta":{"_acf_changed":false,"footnotes":""},"immobilien_kategorie":[],"class_list":["post-2785","page","type-page","status-publish","hentry"],"acf":[],"_links":{"self":[{"href":"https:\/\/www.immomallorca.es\/es\/wp-json\/wp\/v2\/pages\/2785","targetHints":{"allow":["GET"]}}],"collection":[{"href":"https:\/\/www.immomallorca.es\/es\/wp-json\/wp\/v2\/pages"}],"about":[{"href":"https:\/\/www.immomallorca.es\/es\/wp-json\/wp\/v2\/types\/page"}],"author":[{"embeddable":true,"href":"https:\/\/www.immomallorca.es\/es\/wp-json\/wp\/v2\/users\/2"}],"replies":[{"embeddable":true,"href":"https:\/\/www.immomallorca.es\/es\/wp-json\/wp\/v2\/comments?post=2785"}],"version-history":[{"count":1,"href":"https:\/\/www.immomallorca.es\/es\/wp-json\/wp\/v2\/pages\/2785\/revisions"}],"predecessor-version":[{"id":8143,"href":"https:\/\/www.immomallorca.es\/es\/wp-json\/wp\/v2\/pages\/2785\/revisions\/8143"}],"wp:attachment":[{"href":"https:\/\/www.immomallorca.es\/es\/wp-json\/wp\/v2\/media?parent=2785"}],"wp:term":[{"taxonomy":"immobilien_kategorie","embeddable":true,"href":"https:\/\/www.immomallorca.es\/es\/wp-json\/wp\/v2\/immobilien_kategorie?post=2785"}],"curies":[{"name":"wp","href":"https:\/\/api.w.org\/{rel}","templated":true}]}}