{"id":247,"date":"2020-01-27T13:25:00","date_gmt":"2020-01-27T13:25:00","guid":{"rendered":"http:\/\/immomallorca.es\/?page_id=247"},"modified":"2024-02-04T11:31:02","modified_gmt":"2024-02-04T11:31:02","slug":"cookie-information","status":"publish","type":"page","link":"https:\/\/www.immomallorca.es\/de\/cookie-information\/","title":{"rendered":"Cookie Information"},"content":{"rendered":"\t\t<div data-elementor-type=\"wp-page\" data-elementor-id=\"247\" class=\"elementor elementor-247\" data-elementor-post-type=\"page\">\n\t\t\t\t\t\t<section class=\"elementor-section elementor-top-section elementor-element elementor-element-042f4a2 elementor-section-boxed elementor-section-height-default elementor-section-height-default\" data-id=\"042f4a2\" data-element_type=\"section\" data-e-type=\"section\">\n\t\t\t\t\t\t<div class=\"elementor-container elementor-column-gap-default\">\n\t\t\t\t\t<div class=\"elementor-column elementor-col-100 elementor-top-column elementor-element elementor-element-8f1cd91\" data-id=\"8f1cd91\" data-element_type=\"column\" data-e-type=\"column\">\n\t\t\t<div class=\"elementor-widget-wrap elementor-element-populated\">\n\t\t\t\t\t\t<div class=\"elementor-element elementor-element-bd10328 elementor-widget elementor-widget-heading\" data-id=\"bd10328\" data-element_type=\"widget\" data-e-type=\"widget\" data-widget_type=\"heading.default\">\n\t\t\t\t<div class=\"elementor-widget-container\">\n\t\t\t\t\t<h2 class=\"elementor-heading-title elementor-size-default\">\u00dcber diese Cookie-Richtlinie<\/h2>\t\t\t\t<\/div>\n\t\t\t\t<\/div>\n\t\t\t\t<div class=\"elementor-element elementor-element-20024d2 elementor-widget elementor-widget-text-editor\" data-id=\"20024d2\" data-element_type=\"widget\" data-e-type=\"widget\" data-widget_type=\"text-editor.default\">\n\t\t\t\t<div class=\"elementor-widget-container\">\n\t\t\t\t\t\t\t\t\t<div data-id=\"7e5d41de\" data-element_type=\"widget\" data-widget_type=\"heading.default\"><p>Diese Cookie-Richtlinie erl\u00e4utert, was Cookies sind und wie wir sie verwenden. Sie sollten diese Richtlinie lesen, um zu verstehen, was Cookies sind, wie wir sie verwenden, welche Arten von Cookies wir verwenden, welche Informationen wir mit Cookies sammeln und wie diese Informationen verwendet werden und wie die Cookie-Einstellungen gesteuert werden. Weitere Informationen dar\u00fcber, wie wir Ihre pers\u00f6nlichen Daten verwenden, speichern und sch\u00fctzen, finden Sie in unseren <a href=\"https:\/\/immomallorca.es\/datenschutzinformation\/\">Datenschutzbestimmungen<\/a>.<\/p><p><strong>Sie k\u00f6nnen Ihre Einwilligung in die Cookie-Erkl\u00e4rung auf unserer Website jederzeit \u00e4ndern oder widerrufen.<\/strong><\/p><p>Erfahren Sie in unseren Datenschutzbestimmungen, wer wir sind, wie Sie mit uns in Kontakt treten k\u00f6nnen und wie wir personenbezogene Daten verarbeiten.<\/p><p>Ihre Einwilligung gilt f\u00fcr folgende Domains: immomallorca.es<\/p><\/div>\t\t\t\t\t\t\t\t<\/div>\n\t\t\t\t<\/div>\n\t\t\t\t\t<\/div>\n\t\t<\/div>\n\t\t\t\t\t<\/div>\n\t\t<\/section>\n\t\t\t\t<\/div>\n\t\t","protected":false},"excerpt":{"rendered":"<p>\u00dcber diese Cookie-Richtlinie Diese Cookie-Richtlinie erl\u00e4utert, was Cookies sind und wie wir sie verwenden. Sie sollten diese Richtlinie lesen, um zu verstehen, was Cookies sind, wie wir sie verwenden, welche Arten von Cookies wir verwenden, welche Informationen wir mit Cookies sammeln und wie diese Informationen verwendet werden und wie die Cookie-Einstellungen gesteuert werden. Weitere Informationen [&hellip;]<\/p>\n","protected":false},"author":2,"featured_media":0,"parent":0,"menu_order":4,"comment_status":"closed","ping_status":"closed","template":"elementor_header_footer","meta":{"_acf_changed":false,"footnotes":""},"immobilien_kategorie":[],"class_list":["post-247","page","type-page","status-publish","hentry"],"acf":[],"_links":{"self":[{"href":"https:\/\/www.immomallorca.es\/de\/wp-json\/wp\/v2\/pages\/247","targetHints":{"allow":["GET"]}}],"collection":[{"href":"https:\/\/www.immomallorca.es\/de\/wp-json\/wp\/v2\/pages"}],"about":[{"href":"https:\/\/www.immomallorca.es\/de\/wp-json\/wp\/v2\/types\/page"}],"author":[{"embeddable":true,"href":"https:\/\/www.immomallorca.es\/de\/wp-json\/wp\/v2\/users\/2"}],"replies":[{"embeddable":true,"href":"https:\/\/www.immomallorca.es\/de\/wp-json\/wp\/v2\/comments?post=247"}],"version-history":[{"count":1,"href":"https:\/\/www.immomallorca.es\/de\/wp-json\/wp\/v2\/pages\/247\/revisions"}],"predecessor-version":[{"id":8141,"href":"https:\/\/www.immomallorca.es\/de\/wp-json\/wp\/v2\/pages\/247\/revisions\/8141"}],"wp:attachment":[{"href":"https:\/\/www.immomallorca.es\/de\/wp-json\/wp\/v2\/media?parent=247"}],"wp:term":[{"taxonomy":"immobilien_kategorie","embeddable":true,"href":"https:\/\/www.immomallorca.es\/de\/wp-json\/wp\/v2\/immobilien_kategorie?post=247"}],"curies":[{"name":"wp","href":"https:\/\/api.w.org\/{rel}","templated":true}]}}