{"id":216,"date":"2020-01-27T09:19:05","date_gmt":"2020-01-27T09:19:05","guid":{"rendered":"http:\/\/immomallorca.es\/?page_id=216"},"modified":"2026-02-12T18:43:53","modified_gmt":"2026-02-12T18:43:53","slug":"datenschutzinformation","status":"publish","type":"page","link":"https:\/\/www.immomallorca.es\/de\/datenschutzinformation\/","title":{"rendered":"Datenschutzinformation"},"content":{"rendered":"\t\t<div data-elementor-type=\"wp-page\" data-elementor-id=\"216\" class=\"elementor elementor-216\" data-elementor-post-type=\"page\">\n\t\t\t\t\t\t<section class=\"elementor-section elementor-top-section elementor-element elementor-element-a72d97c elementor-section-boxed elementor-section-height-default elementor-section-height-default\" data-id=\"a72d97c\" data-element_type=\"section\" data-e-type=\"section\">\n\t\t\t\t\t\t<div class=\"elementor-container elementor-column-gap-default\">\n\t\t\t\t\t<div class=\"elementor-column elementor-col-100 elementor-top-column elementor-element elementor-element-c88b0c2\" data-id=\"c88b0c2\" data-element_type=\"column\" data-e-type=\"column\">\n\t\t\t<div class=\"elementor-widget-wrap elementor-element-populated\">\n\t\t\t\t\t\t<div class=\"elementor-element elementor-element-072bd2c elementor-widget elementor-widget-text-editor\" data-id=\"072bd2c\" data-element_type=\"widget\" data-e-type=\"widget\" data-widget_type=\"text-editor.default\">\n\t\t\t\t<div class=\"elementor-widget-container\">\n\t\t\t\t\t\t\t\t\t<section class=\"datenschutz\"><h2>Datenschutzerkl\u00e4rung<\/h2><p>Der Schutz Ihrer personenbezogenen Daten ist uns wichtig. Nachfolgend informieren wir Sie \u00fcber die Erhebung, Verarbeitung und Nutzung Ihrer Daten bei der Nutzung unseres Onlineangebotes.<\/p><h3>Verantwortliche Person<\/h3><p>ImmoMallorca<br \/>Helga Duschl<br \/>C\/. Llenarie, 3<br \/>E-07013 Son Vida | Mallorca<\/p><p><strong>E-Mail-Adresse<\/strong>: <a href=\"mailto:info@immomallorca.es\">helga.duschl@immomallorca.es<\/a><\/p><p><strong>Telefon<\/strong>: (+34) 609 629 788<\/p><h3>\u00a0<\/h3><h3>Erhebung und Verarbeitung personenbezogener Daten<\/h3><p>Personenbezogene Daten, die Sie uns \u00fcber das Kontaktformular \u00fcbermitteln (z.\u202fB. Name, E-Mail-Adresse, Nachricht), werden ausschlie\u00dflich zur Beantwortung Ihrer Anfrage verarbeitet und nicht an Dritte weitergegeben.<\/p><h3>Rechtsgrundlage<\/h3><p>Die Verarbeitung erfolgt auf Grundlage Ihrer Einwilligung (Art. 6 Abs. 1 lit. a DSGVO) bzw. zur Erf\u00fcllung Ihrer Anfrage (Art. 6 Abs. 1 lit. b DSGVO).<\/p><h3>Speicherdauer<\/h3><p>Ihre Daten werden nur solange gespeichert, wie es f\u00fcr die Bearbeitung Ihrer Anfrage notwendig ist oder gesetzliche Aufbewahrungspflichten bestehen.<\/p><h3>Ihre Rechte<\/h3><ul><li>Auskunft \u00fcber die gespeicherten Daten<\/li><li>Berichtigung unrichtiger Daten<\/li><li>L\u00f6schung der Daten, soweit keine gesetzlichen Aufbewahrungspflichten bestehen<\/li><li>Widerruf der Einwilligung jederzeit m\u00f6glich<\/li><li>Beschwerde bei der zust\u00e4ndigen Aufsichtsbeh\u00f6rde<\/li><\/ul><h3>Sicherheit<\/h3><p>Wir verwenden angemessene technische und organisatorische Ma\u00dfnahmen, um Ihre Daten zu sch\u00fctzen. Die \u00dcbertragung via Kontaktformular erfolgt verschl\u00fcsselt (SSL).<\/p><\/section>\t\t\t\t\t\t\t\t<\/div>\n\t\t\t\t<\/div>\n\t\t\t\t\t<\/div>\n\t\t<\/div>\n\t\t\t\t\t<\/div>\n\t\t<\/section>\n\t\t\t\t<\/div>\n\t\t","protected":false},"excerpt":{"rendered":"<p>Datenschutzerkl\u00e4rung Der Schutz Ihrer personenbezogenen Daten ist uns wichtig. Nachfolgend informieren wir Sie \u00fcber die Erhebung, Verarbeitung und Nutzung Ihrer Daten bei der Nutzung unseres Onlineangebotes. Verantwortliche Person ImmoMallorcaHelga DuschlC\/. Llenarie, 3E-07013 Son Vida | Mallorca E-Mail-Adresse: helga.duschl@immomallorca.es Telefon: (+34) 609 629 788 \u00a0 Erhebung und Verarbeitung personenbezogener Daten Personenbezogene Daten, die Sie uns \u00fcber [&hellip;]<\/p>\n","protected":false},"author":2,"featured_media":0,"parent":0,"menu_order":5,"comment_status":"closed","ping_status":"closed","template":"elementor_header_footer","meta":{"_acf_changed":false,"footnotes":""},"immobilien_kategorie":[],"class_list":["post-216","page","type-page","status-publish","hentry"],"acf":[],"_links":{"self":[{"href":"https:\/\/www.immomallorca.es\/de\/wp-json\/wp\/v2\/pages\/216","targetHints":{"allow":["GET"]}}],"collection":[{"href":"https:\/\/www.immomallorca.es\/de\/wp-json\/wp\/v2\/pages"}],"about":[{"href":"https:\/\/www.immomallorca.es\/de\/wp-json\/wp\/v2\/types\/page"}],"author":[{"embeddable":true,"href":"https:\/\/www.immomallorca.es\/de\/wp-json\/wp\/v2\/users\/2"}],"replies":[{"embeddable":true,"href":"https:\/\/www.immomallorca.es\/de\/wp-json\/wp\/v2\/comments?post=216"}],"version-history":[{"count":4,"href":"https:\/\/www.immomallorca.es\/de\/wp-json\/wp\/v2\/pages\/216\/revisions"}],"predecessor-version":[{"id":35770,"href":"https:\/\/www.immomallorca.es\/de\/wp-json\/wp\/v2\/pages\/216\/revisions\/35770"}],"wp:attachment":[{"href":"https:\/\/www.immomallorca.es\/de\/wp-json\/wp\/v2\/media?parent=216"}],"wp:term":[{"taxonomy":"immobilien_kategorie","embeddable":true,"href":"https:\/\/www.immomallorca.es\/de\/wp-json\/wp\/v2\/immobilien_kategorie?post=216"}],"curies":[{"name":"wp","href":"https:\/\/api.w.org\/{rel}","templated":true}]}}