{"id":209,"date":"2020-01-27T09:06:01","date_gmt":"2020-01-27T09:06:01","guid":{"rendered":"http:\/\/immomallorca.es\/?page_id=209"},"modified":"2026-02-12T18:38:03","modified_gmt":"2026-02-12T18:38:03","slug":"impressum","status":"publish","type":"page","link":"https:\/\/www.immomallorca.es\/de\/impressum\/","title":{"rendered":"Impressum"},"content":{"rendered":"\t\t<div data-elementor-type=\"wp-page\" data-elementor-id=\"209\" class=\"elementor elementor-209\" data-elementor-post-type=\"page\">\n\t\t\t\t\t\t<section class=\"elementor-section elementor-top-section elementor-element elementor-element-0db2192 elementor-section-boxed elementor-section-height-default elementor-section-height-default\" data-id=\"0db2192\" data-element_type=\"section\" data-e-type=\"section\">\n\t\t\t\t\t\t<div class=\"elementor-container elementor-column-gap-default\">\n\t\t\t\t\t<div class=\"elementor-column elementor-col-100 elementor-top-column elementor-element elementor-element-ab2bc88\" data-id=\"ab2bc88\" data-element_type=\"column\" data-e-type=\"column\">\n\t\t\t<div class=\"elementor-widget-wrap elementor-element-populated\">\n\t\t\t\t\t\t<div class=\"elementor-element elementor-element-429d35c elementor-widget elementor-widget-text-editor\" data-id=\"429d35c\" data-element_type=\"widget\" data-e-type=\"widget\" data-widget_type=\"text-editor.default\">\n\t\t\t\t<div class=\"elementor-widget-container\">\n\t\t\t\t\t\t\t\t\t<section class=\"impressum\"><h2>Impressum \/ Angaben<\/h2><p><strong>Inhaber \/ Betreiber:<\/strong><br \/>Helga Duschl<\/p><p><strong>Sitz \/ Anschrift:<\/strong><br \/>Llenaire 3<br \/>07013 Son Vida<\/p><p><strong>Kontakt:<\/strong><br \/>Telefon: +34 609 629 788<br \/>E-Mail: helga.duschl@gmx.de<\/p><p><strong>Steuer-ID \/ NIE:<\/strong><br \/>NIE X2241755-Z<\/p><\/section><section class=\"haftung\"><h2>Haftung f\u00fcr Inhalte<\/h2><p>Die Inhalte dieser Website wurden sorgf\u00e4ltig erstellt. F\u00fcr die Richtigkeit, Vollst\u00e4ndigkeit und Aktualit\u00e4t kann jedoch keine Gew\u00e4hr \u00fcbernommen werden.<br \/>Als Betreiber der Website sind wir f\u00fcr eigene Inhalte verantwortlich. F\u00fcr fremde Inhalte auf verlinkten Seiten \u00fcbernehmen wir keine Haftung.<br \/>Bei Bekanntwerden von Rechtsverletzungen werden entsprechende Inhalte umgehend entfernt.<\/p><\/section><section class=\"urheberrecht\"><h2>Urheberrecht<\/h2><p>Alle Inhalte auf dieser Website, einschlie\u00dflich Texte, Bilder und Grafiken, unterliegen dem Urheberrecht. Eine Nutzung au\u00dferhalb der Grenzen des Urheberrechts bedarf der schriftlichen Zustimmung. Inhalte Dritter sind entsprechend gekennzeichnet.<\/p><\/section><section class=\"datenschutz\"><h2>Datenschutz \/ Kontakt<\/h2><p>Die Nutzung dieser Website ist in der Regel ohne Angabe personenbezogener Daten m\u00f6glich. Daten, die freiwillig \u00fcbermittelt werden (z.\u202fB. \u00fcber das Kontaktformular), werden nicht ohne Ihre Zustimmung an Dritte weitergegeben.<br \/>Der Nutzung von im Rahmen des Impressums ver\u00f6ffentlichten Kontaktdaten zur \u00dcbersendung von nicht ausdr\u00fccklich angeforderter Werbung wird ausdr\u00fccklich widersprochen.<\/p><\/section>\t\t\t\t\t\t\t\t<\/div>\n\t\t\t\t<\/div>\n\t\t\t\t\t<\/div>\n\t\t<\/div>\n\t\t\t\t\t<\/div>\n\t\t<\/section>\n\t\t\t\t<\/div>\n\t\t","protected":false},"excerpt":{"rendered":"<p>Impressum \/ Angaben Inhaber \/ Betreiber:Helga Duschl Sitz \/ Anschrift:Llenaire 307013 Son Vida Kontakt:Telefon: +34 609 629 788E-Mail: helga.duschl@gmx.de Steuer-ID \/ NIE:NIE X2241755-Z Haftung f\u00fcr Inhalte Die Inhalte dieser Website wurden sorgf\u00e4ltig erstellt. F\u00fcr die Richtigkeit, Vollst\u00e4ndigkeit und Aktualit\u00e4t kann jedoch keine Gew\u00e4hr \u00fcbernommen werden.Als Betreiber der Website sind wir f\u00fcr eigene Inhalte verantwortlich. F\u00fcr [&hellip;]<\/p>\n","protected":false},"author":2,"featured_media":0,"parent":0,"menu_order":6,"comment_status":"closed","ping_status":"closed","template":"elementor_header_footer","meta":{"_acf_changed":false,"footnotes":""},"immobilien_kategorie":[],"class_list":["post-209","page","type-page","status-publish","hentry"],"acf":[],"_links":{"self":[{"href":"https:\/\/www.immomallorca.es\/de\/wp-json\/wp\/v2\/pages\/209","targetHints":{"allow":["GET"]}}],"collection":[{"href":"https:\/\/www.immomallorca.es\/de\/wp-json\/wp\/v2\/pages"}],"about":[{"href":"https:\/\/www.immomallorca.es\/de\/wp-json\/wp\/v2\/types\/page"}],"author":[{"embeddable":true,"href":"https:\/\/www.immomallorca.es\/de\/wp-json\/wp\/v2\/users\/2"}],"replies":[{"embeddable":true,"href":"https:\/\/www.immomallorca.es\/de\/wp-json\/wp\/v2\/comments?post=209"}],"version-history":[{"count":4,"href":"https:\/\/www.immomallorca.es\/de\/wp-json\/wp\/v2\/pages\/209\/revisions"}],"predecessor-version":[{"id":35766,"href":"https:\/\/www.immomallorca.es\/de\/wp-json\/wp\/v2\/pages\/209\/revisions\/35766"}],"wp:attachment":[{"href":"https:\/\/www.immomallorca.es\/de\/wp-json\/wp\/v2\/media?parent=209"}],"wp:term":[{"taxonomy":"immobilien_kategorie","embeddable":true,"href":"https:\/\/www.immomallorca.es\/de\/wp-json\/wp\/v2\/immobilien_kategorie?post=209"}],"curies":[{"name":"wp","href":"https:\/\/api.w.org\/{rel}","templated":true}]}}